{"id":4450,"date":"2024-10-22T15:52:21","date_gmt":"2024-10-22T22:52:21","guid":{"rendered":"https:\/\/indiandayschools.com\/fr\/?page_id=4450"},"modified":"2025-06-30T12:06:56","modified_gmt":"2025-06-30T19:06:56","slug":"media","status":"publish","type":"page","link":"https:\/\/indiandayschools.com\/fr\/media\/","title":{"rendered":"Centre des m\u00e9dias"},"content":{"rendered":"<section class=\"wpb-content-wrapper\">[vc_row el_id=&#8221;ssss&#8221;][vc_column][vc_column_text]<span class=\"TextRun SCXW12136792 BCX0\" lang=\"FR-CA\" xml:lang=\"FR-CA\" data-contrast=\"none\"><span class=\"NormalTextRun SCXW12136792 BCX0\">Si <\/span><span class=\"NormalTextRun SCXW12136792 BCX0\">vous<\/span> <span class=\"NormalTextRun SCXW12136792 BCX0\">\u00eates<\/span><span class=\"NormalTextRun SCXW12136792 BCX0\"> un <\/span><span class=\"NormalTextRun SCXW12136792 BCX0\">membre<\/span><span class=\"NormalTextRun SCXW12136792 BCX0\"> des <\/span><span class=\"NormalTextRun SCXW12136792 BCX0\">m\u00e9dias<\/span><span class=\"NormalTextRun SCXW12136792 BCX0\"> et que <\/span><span class=\"NormalTextRun SCXW12136792 BCX0\">vous<\/span> <span class=\"NormalTextRun SCXW12136792 BCX0\">avez<\/span><span class=\"NormalTextRun SCXW12136792 BCX0\"> des questions <\/span><span class=\"NormalTextRun SCXW12136792 BCX0\">concernant<\/span><span class=\"NormalTextRun SCXW12136792 BCX0\"> le <\/span><span class=\"NormalTextRun SCXW12136792 BCX0\">r\u00e8glement<\/span><span class=\"NormalTextRun SCXW12136792 BCX0\">, <\/span><span class=\"NormalTextRun SCXW12136792 BCX0\">veuillez<\/span> <span class=\"NormalTextRun SCXW12136792 BCX0\">remplir<\/span> <span class=\"NormalTextRun SCXW12136792 BCX0\">le <\/span><span class=\"NormalTextRun SCXW12136792 BCX0\">formulaire<\/span><span class=\"NormalTextRun SCXW12136792 BCX0\"> Web <\/span><span class=\"NormalTextRun SCXW12136792 BCX0\">suivant<\/span><span class=\"NormalTextRun SCXW12136792 BCX0\">. Nous <\/span><span class=\"NormalTextRun SCXW12136792 BCX0\">r\u00e9pondrons<\/span><span class=\"NormalTextRun SCXW12136792 BCX0\"> \u00e0 <\/span><span class=\"NormalTextRun SCXW12136792 BCX0\">votre<\/span> <span class=\"NormalTextRun SCXW12136792 BCX0\">demande<\/span><span class=\"NormalTextRun SCXW12136792 BCX0\"> pendant les <\/span><span class=\"NormalTextRun SCXW12136792 BCX0\">heures<\/span><span class=\"NormalTextRun SCXW12136792 BCX0\"> de bureau<\/span><span class=\"NormalTextRun SCXW12136792 BCX0\">, du <\/span><span class=\"NormalTextRun SCXW12136792 BCX0\">lundi<\/span><span class=\"NormalTextRun SCXW12136792 BCX0\"> au <\/span><span class=\"NormalTextRun SCXW12136792 BCX0\">vendredi<\/span><span class=\"NormalTextRun SCXW12136792 BCX0\">, de 9 <\/span><span class=\"NormalTextRun SCXW12136792 BCX0\">heures<\/span><span class=\"NormalTextRun SCXW12136792 BCX0\"> \u00e0 19 <\/span><span class=\"NormalTextRun SCXW12136792 BCX0\">heures<\/span><span class=\"NormalTextRun SCXW12136792 BCX0\"> HE.<\/span><\/span><span class=\"EOP SCXW12136792 BCX0\" data-ccp-props=\"{&quot;201341983&quot;:0,&quot;335559739&quot;:0,&quot;335559740&quot;:240}\">\u00a0<\/span>[\/vc_column_text][\/vc_column][\/vc_row][vc_row][vc_column]<style id=\"wpforms-css-vars-4453\">\n\t\t\t\t#wpforms-4453 {\n\t\t\t\t\n\t\t\t}\n\t\t\t<\/style><div class=\"wpforms-container wpforms-container-full wpforms-render-modern\" id=\"wpforms-4453\"><form id=\"wpforms-form-4453\" class=\"wpforms-validate wpforms-form wpforms-ajax-form\" data-formid=\"4453\" method=\"post\" enctype=\"multipart\/form-data\" action=\"\/fr\/wp-json\/wp\/v2\/pages\/4450\" data-token=\"c03a77e31f50c48db18c97ab5e2b61e5\" data-token-time=\"1777719864\"><noscript class=\"wpforms-error-noscript\">Please enable JavaScript in your browser to complete this form.<\/noscript><div id=\"wpforms-error-noscript\" style=\"display: none;\">Please enable JavaScript in your browser to complete this form.<\/div><div class=\"wpforms-field-container\"><div id=\"wpforms-4453-field_5-container\" class=\"wpforms-field wpforms-field-text\" data-field-id=\"5\"><label class=\"wpforms-field-label\" for=\"wpforms-4453-field_5\">Pr\u00e9nom<\/label><input type=\"text\" id=\"wpforms-4453-field_5\" class=\"wpforms-field-medium\" name=\"wpforms[fields][5]\" aria-errormessage=\"wpforms-4453-field_5-error\" ><\/div><div id=\"wpforms-4453-field_4-container\" class=\"wpforms-field wpforms-field-text\" data-field-id=\"4\"><label class=\"wpforms-field-label\" for=\"wpforms-4453-field_4\">Nom<\/label><input type=\"text\" id=\"wpforms-4453-field_4\" class=\"wpforms-field-medium\" name=\"wpforms[fields][4]\" aria-errormessage=\"wpforms-4453-field_4-error\" ><\/div>\t\t<div id=\"wpforms-4453-field_1-container\"\n\t\t\tclass=\"wpforms-field wpforms-field-text\"\n\t\t\tdata-field-type=\"text\"\n\t\t\tdata-field-id=\"1\"\n\t\t\t>\n\t\t\t<label class=\"wpforms-field-label\" for=\"wpforms-4453-field_1\" >Pr\u00e9nom Organe de<\/label>\n\t\t\t<input type=\"text\" id=\"wpforms-4453-field_1\" class=\"wpforms-field-medium\" name=\"wpforms[fields][1]\" >\n\t\t<\/div>\n\t\t<div id=\"wpforms-4453-field_6-container\" class=\"wpforms-field wpforms-field-text\" data-field-id=\"6\"><label class=\"wpforms-field-label\" for=\"wpforms-4453-field_6\">Organe de Presse<\/label><input type=\"text\" id=\"wpforms-4453-field_6\" class=\"wpforms-field-medium\" name=\"wpforms[fields][6]\" aria-errormessage=\"wpforms-4453-field_6-error\" ><\/div><div id=\"wpforms-4453-field_2-container\" class=\"wpforms-field wpforms-field-email\" data-field-id=\"2\"><label class=\"wpforms-field-label\" for=\"wpforms-4453-field_2\">Courriel <span class=\"wpforms-required-label\" aria-hidden=\"true\">*<\/span><\/label><input type=\"email\" id=\"wpforms-4453-field_2\" class=\"wpforms-field-medium wpforms-field-required\" name=\"wpforms[fields][2]\" spellcheck=\"false\" aria-errormessage=\"wpforms-4453-field_2-error\" required><\/div><div id=\"wpforms-4453-field_3-container\" class=\"wpforms-field wpforms-field-textarea\" data-field-id=\"3\"><label class=\"wpforms-field-label\" for=\"wpforms-4453-field_3\">Message<\/label><textarea id=\"wpforms-4453-field_3\" class=\"wpforms-field-medium\" name=\"wpforms[fields][3]\" aria-errormessage=\"wpforms-4453-field_3-error\" ><\/textarea><\/div><script>\n\t\t\t\t( function() {\n\t\t\t\t\tconst style = document.createElement( 'style' );\n\t\t\t\t\tstyle.appendChild( document.createTextNode( '#wpforms-4453-field_1-container { position: absolute !important; overflow: hidden !important; display: inline !important; height: 1px !important; width: 1px !important; z-index: -1000 !important; padding: 0 !important; } #wpforms-4453-field_1-container input { visibility: hidden; } #wpforms-conversational-form-page #wpforms-4453-field_1-container label { counter-increment: none; }' ) );\n\t\t\t\t\tdocument.head.appendChild( style );\n\t\t\t\t\tdocument.currentScript?.remove();\n\t\t\t\t} )();\n\t\t\t<\/script><\/div><!-- .wpforms-field-container --><div class=\"wpforms-submit-container\" ><input type=\"hidden\" name=\"wpforms[id]\" value=\"4453\"><input type=\"hidden\" name=\"page_title\" value=\"\"><input type=\"hidden\" name=\"page_url\" value=\"https:\/\/indiandayschools.com\/fr\/wp-json\/wp\/v2\/pages\/4450\"><input type=\"hidden\" name=\"url_referer\" value=\"\"><button type=\"submit\" name=\"wpforms[submit]\" id=\"wpforms-submit-4453\" class=\"wpforms-submit\" data-alt-text=\"Envoi...\" data-submit-text=\"Soumettre\" aria-live=\"assertive\" value=\"wpforms-submit\">Soumettre<\/button><img loading=\"lazy\" decoding=\"async\" src=\"https:\/\/indiandayschools.com\/fr\/wp-content\/plugins\/wpforms-lite\/assets\/images\/submit-spin.svg\" class=\"wpforms-submit-spinner\" style=\"display: none;\" width=\"26\" height=\"26\" alt=\"Loading\"><\/div><\/form><\/div>  <!-- .wpforms-container -->[\/vc_column][\/vc_row][vc_row][vc_column][vc_column_text]\n<h2>\u00cates-vous membre du groupe?<\/h2>\n<p>Si vous \u00eates membre du groupe (pas un membre des m\u00e9dias) et que vous avez des questions concernant le r\u00e8glement, le processus de r\u00e9clamation ou votre r\u00e9clamation, veuillez contacter l\u2019administrateur au <a href=\"tel:18882212898\">1-888-221-2898<\/a>.[\/vc_column_text][\/vc_column][\/vc_row]\n<\/section>","protected":false},"excerpt":{"rendered":"<p>[vc_row el_id=&#8221;ssss&#8221;][vc_column][vc_column_text]Si vous \u00eates un membre des m\u00e9dias et que vous avez des questions concernant le r\u00e8glement, veuillez remplir le formulaire Web suivant. Nous r\u00e9pondrons \u00e0 votre demande pendant les heures de bureau, du lundi au vendredi, de 9 heures \u00e0 19 heures HE.\u00a0[\/vc_column_text][\/vc_column][\/vc_row][vc_row][vc_column][\/vc_column][\/vc_row][vc_row][vc_column][vc_column_text] \u00cates-vous membre du groupe? Si vous \u00eates membre du groupe (pas [&hellip;]<\/p>\n","protected":false},"author":6,"featured_media":0,"parent":0,"menu_order":0,"comment_status":"closed","ping_status":"closed","template":"","meta":{"_acf_changed":false,"footnotes":""},"class_list":["post-4450","page","type-page","status-publish","hentry"],"acf":[],"yoast_head":"<!-- This site is optimized with the Yoast SEO plugin v27.5 - https:\/\/yoast.com\/product\/yoast-seo-wordpress\/ -->\n<title>Centre des m\u00e9dias - Recours collectif concernant les externats indiens f\u00e9d\u00e9raux<\/title>\n<meta name=\"description\" content=\"Acc\u00e9dez aux derni\u00e8res nouvelles, \u00e0 la FAQ, aux liens utiles et aux ressources sur le recours collectif des externats indiens f\u00e9d\u00e9raux.\" \/>\n<meta name=\"robots\" content=\"index, follow, max-snippet:-1, max-image-preview:large, max-video-preview:-1\" \/>\n<link rel=\"canonical\" href=\"https:\/\/indiandayschools.com\/fr\/media\/\" \/>\n<meta property=\"og:locale\" content=\"en_US\" \/>\n<meta property=\"og:type\" content=\"article\" \/>\n<meta property=\"og:title\" content=\"Centre des m\u00e9dias - Recours collectif concernant les externats indiens f\u00e9d\u00e9raux\" \/>\n<meta property=\"og:description\" content=\"Acc\u00e9dez aux derni\u00e8res nouvelles, \u00e0 la FAQ, aux liens utiles et aux ressources sur le recours collectif des externats indiens f\u00e9d\u00e9raux.\" \/>\n<meta property=\"og:url\" content=\"https:\/\/indiandayschools.com\/fr\/media\/\" \/>\n<meta property=\"og:site_name\" content=\"Recours collectif concernant les externats indiens f\u00e9d\u00e9raux\" \/>\n<meta property=\"article:publisher\" content=\"https:\/\/www.facebook.com\/McLeanClassAction\/\" \/>\n<meta property=\"article:modified_time\" content=\"2025-06-30T19:06:56+00:00\" \/>\n<meta name=\"twitter:card\" content=\"summary_large_image\" \/>\n<meta name=\"twitter:site\" content=\"@IndianDaySchool\" \/>\n<meta name=\"twitter:label1\" content=\"Est. reading time\" \/>\n\t<meta name=\"twitter:data1\" content=\"1 minute\" \/>\n<script type=\"application\/ld+json\" class=\"yoast-schema-graph\">{\"@context\":\"https:\\\/\\\/schema.org\",\"@graph\":[{\"@type\":\"WebPage\",\"@id\":\"https:\\\/\\\/indiandayschools.com\\\/fr\\\/media\\\/\",\"url\":\"https:\\\/\\\/indiandayschools.com\\\/fr\\\/media\\\/\",\"name\":\"Centre des m\u00e9dias - Recours collectif concernant les externats indiens f\u00e9d\u00e9raux\",\"isPartOf\":{\"@id\":\"https:\\\/\\\/indiandayschools.com\\\/fr\\\/#website\"},\"datePublished\":\"2024-10-22T22:52:21+00:00\",\"dateModified\":\"2025-06-30T19:06:56+00:00\",\"description\":\"Acc\u00e9dez aux derni\u00e8res nouvelles, \u00e0 la FAQ, aux liens utiles et aux ressources sur le recours collectif des externats indiens f\u00e9d\u00e9raux.\",\"breadcrumb\":{\"@id\":\"https:\\\/\\\/indiandayschools.com\\\/fr\\\/media\\\/#breadcrumb\"},\"inLanguage\":\"en-US\",\"potentialAction\":[{\"@type\":\"ReadAction\",\"target\":[\"https:\\\/\\\/indiandayschools.com\\\/fr\\\/media\\\/\"]}]},{\"@type\":\"BreadcrumbList\",\"@id\":\"https:\\\/\\\/indiandayschools.com\\\/fr\\\/media\\\/#breadcrumb\",\"itemListElement\":[{\"@type\":\"ListItem\",\"position\":1,\"name\":\"Home\",\"item\":\"https:\\\/\\\/indiandayschools.com\\\/fr\\\/\"},{\"@type\":\"ListItem\",\"position\":2,\"name\":\"Centre des m\u00e9dias\"}]},{\"@type\":\"WebSite\",\"@id\":\"https:\\\/\\\/indiandayschools.com\\\/fr\\\/#website\",\"url\":\"https:\\\/\\\/indiandayschools.com\\\/fr\\\/\",\"name\":\"Recours collectif concernant les externats indiens f\u00e9d\u00e9raux\",\"description\":\"\",\"publisher\":{\"@id\":\"https:\\\/\\\/indiandayschools.com\\\/fr\\\/#organization\"},\"potentialAction\":[{\"@type\":\"SearchAction\",\"target\":{\"@type\":\"EntryPoint\",\"urlTemplate\":\"https:\\\/\\\/indiandayschools.com\\\/fr\\\/?s={search_term_string}\"},\"query-input\":{\"@type\":\"PropertyValueSpecification\",\"valueRequired\":true,\"valueName\":\"search_term_string\"}}],\"inLanguage\":\"en-US\"},{\"@type\":\"Organization\",\"@id\":\"https:\\\/\\\/indiandayschools.com\\\/fr\\\/#organization\",\"name\":\"Recours collectif concernant les externats indiens f\u00e9d\u00e9raux\",\"url\":\"https:\\\/\\\/indiandayschools.com\\\/fr\\\/\",\"logo\":{\"@type\":\"ImageObject\",\"inLanguage\":\"en-US\",\"@id\":\"https:\\\/\\\/indiandayschools.com\\\/fr\\\/#\\\/schema\\\/logo\\\/image\\\/\",\"url\":\"https:\\\/\\\/indiandayschools.com\\\/fr\\\/wp-content\\\/uploads\\\/logo-indian-day-schools-class-action-fr.png\",\"contentUrl\":\"https:\\\/\\\/indiandayschools.com\\\/fr\\\/wp-content\\\/uploads\\\/logo-indian-day-schools-class-action-fr.png\",\"width\":660,\"height\":145,\"caption\":\"Recours collectif concernant les externats indiens f\u00e9d\u00e9raux\"},\"image\":{\"@id\":\"https:\\\/\\\/indiandayschools.com\\\/fr\\\/#\\\/schema\\\/logo\\\/image\\\/\"},\"sameAs\":[\"https:\\\/\\\/www.facebook.com\\\/McLeanClassAction\\\/\",\"https:\\\/\\\/x.com\\\/IndianDaySchool\",\"https:\\\/\\\/www.youtube.com\\\/channel\\\/UChz8dDaXluq5yeR1yCZSjzA\"]}]}<\/script>\n<!-- \/ Yoast SEO plugin. -->","yoast_head_json":{"title":"Centre des m\u00e9dias - Recours collectif concernant les externats indiens f\u00e9d\u00e9raux","description":"Acc\u00e9dez aux derni\u00e8res nouvelles, \u00e0 la FAQ, aux liens utiles et aux ressources sur le recours collectif des externats indiens f\u00e9d\u00e9raux.","robots":{"index":"index","follow":"follow","max-snippet":"max-snippet:-1","max-image-preview":"max-image-preview:large","max-video-preview":"max-video-preview:-1"},"canonical":"https:\/\/indiandayschools.com\/fr\/media\/","og_locale":"en_US","og_type":"article","og_title":"Centre des m\u00e9dias - Recours collectif concernant les externats indiens f\u00e9d\u00e9raux","og_description":"Acc\u00e9dez aux derni\u00e8res nouvelles, \u00e0 la FAQ, aux liens utiles et aux ressources sur le recours collectif des externats indiens f\u00e9d\u00e9raux.","og_url":"https:\/\/indiandayschools.com\/fr\/media\/","og_site_name":"Recours collectif concernant les externats indiens f\u00e9d\u00e9raux","article_publisher":"https:\/\/www.facebook.com\/McLeanClassAction\/","article_modified_time":"2025-06-30T19:06:56+00:00","twitter_card":"summary_large_image","twitter_site":"@IndianDaySchool","twitter_misc":{"Est. reading time":"1 minute"},"schema":{"@context":"https:\/\/schema.org","@graph":[{"@type":"WebPage","@id":"https:\/\/indiandayschools.com\/fr\/media\/","url":"https:\/\/indiandayschools.com\/fr\/media\/","name":"Centre des m\u00e9dias - Recours collectif concernant les externats indiens f\u00e9d\u00e9raux","isPartOf":{"@id":"https:\/\/indiandayschools.com\/fr\/#website"},"datePublished":"2024-10-22T22:52:21+00:00","dateModified":"2025-06-30T19:06:56+00:00","description":"Acc\u00e9dez aux derni\u00e8res nouvelles, \u00e0 la FAQ, aux liens utiles et aux ressources sur le recours collectif des externats indiens f\u00e9d\u00e9raux.","breadcrumb":{"@id":"https:\/\/indiandayschools.com\/fr\/media\/#breadcrumb"},"inLanguage":"en-US","potentialAction":[{"@type":"ReadAction","target":["https:\/\/indiandayschools.com\/fr\/media\/"]}]},{"@type":"BreadcrumbList","@id":"https:\/\/indiandayschools.com\/fr\/media\/#breadcrumb","itemListElement":[{"@type":"ListItem","position":1,"name":"Home","item":"https:\/\/indiandayschools.com\/fr\/"},{"@type":"ListItem","position":2,"name":"Centre des m\u00e9dias"}]},{"@type":"WebSite","@id":"https:\/\/indiandayschools.com\/fr\/#website","url":"https:\/\/indiandayschools.com\/fr\/","name":"Recours collectif concernant les externats indiens f\u00e9d\u00e9raux","description":"","publisher":{"@id":"https:\/\/indiandayschools.com\/fr\/#organization"},"potentialAction":[{"@type":"SearchAction","target":{"@type":"EntryPoint","urlTemplate":"https:\/\/indiandayschools.com\/fr\/?s={search_term_string}"},"query-input":{"@type":"PropertyValueSpecification","valueRequired":true,"valueName":"search_term_string"}}],"inLanguage":"en-US"},{"@type":"Organization","@id":"https:\/\/indiandayschools.com\/fr\/#organization","name":"Recours collectif concernant les externats indiens f\u00e9d\u00e9raux","url":"https:\/\/indiandayschools.com\/fr\/","logo":{"@type":"ImageObject","inLanguage":"en-US","@id":"https:\/\/indiandayschools.com\/fr\/#\/schema\/logo\/image\/","url":"https:\/\/indiandayschools.com\/fr\/wp-content\/uploads\/logo-indian-day-schools-class-action-fr.png","contentUrl":"https:\/\/indiandayschools.com\/fr\/wp-content\/uploads\/logo-indian-day-schools-class-action-fr.png","width":660,"height":145,"caption":"Recours collectif concernant les externats indiens f\u00e9d\u00e9raux"},"image":{"@id":"https:\/\/indiandayschools.com\/fr\/#\/schema\/logo\/image\/"},"sameAs":["https:\/\/www.facebook.com\/McLeanClassAction\/","https:\/\/x.com\/IndianDaySchool","https:\/\/www.youtube.com\/channel\/UChz8dDaXluq5yeR1yCZSjzA"]}]}},"_links":{"self":[{"href":"https:\/\/indiandayschools.com\/fr\/wp-json\/wp\/v2\/pages\/4450","targetHints":{"allow":["GET"]}}],"collection":[{"href":"https:\/\/indiandayschools.com\/fr\/wp-json\/wp\/v2\/pages"}],"about":[{"href":"https:\/\/indiandayschools.com\/fr\/wp-json\/wp\/v2\/types\/page"}],"author":[{"embeddable":true,"href":"https:\/\/indiandayschools.com\/fr\/wp-json\/wp\/v2\/users\/6"}],"replies":[{"embeddable":true,"href":"https:\/\/indiandayschools.com\/fr\/wp-json\/wp\/v2\/comments?post=4450"}],"version-history":[{"count":7,"href":"https:\/\/indiandayschools.com\/fr\/wp-json\/wp\/v2\/pages\/4450\/revisions"}],"predecessor-version":[{"id":4531,"href":"https:\/\/indiandayschools.com\/fr\/wp-json\/wp\/v2\/pages\/4450\/revisions\/4531"}],"wp:attachment":[{"href":"https:\/\/indiandayschools.com\/fr\/wp-json\/wp\/v2\/media?parent=4450"}],"curies":[{"name":"wp","href":"https:\/\/api.w.org\/{rel}","templated":true}]}}