{"id":1702,"date":"2021-01-11T19:05:00","date_gmt":"2021-01-11T19:05:00","guid":{"rendered":"https:\/\/indiandayschools.com\/fr\/?page_id=1702"},"modified":"2022-09-30T10:37:49","modified_gmt":"2022-09-30T17:37:49","slug":"soutien-communautaire","status":"publish","type":"page","link":"https:\/\/indiandayschools.com\/fr\/aide-et-soutien\/soutien-communautaire\/","title":{"rendered":"Programme de soutien communautaire"},"content":{"rendered":"<p>Le Programme de soutien communautaire des externats indiens f\u00e9d\u00e9raux a pris fin le 13 juillet 2022.<\/p>\n<p>Ce programme \u00e9tait men\u00e9 par Argyle, une agence de communication et de mobilisation qui ne fait pas partie des avocats du groupe. La Cour f\u00e9d\u00e9rale du Canada a nomm\u00e9 Argyle pour faciliter le processus de demande d&#8217;indemnisation en offrant du soutien culturellement appropri\u00e9 et qui tient compte des traumatismes aux demandeurs qui remplissent leur formulaire de demande d&#8217;indemnisation.<\/p>\n<p>Pour obtenir de l&#8217;aide avec votre formulaire de demande d&#8217;indemnisation ou votre demande de succession, contactez les <strong>avocats du groupe (Gowling WLG) au 1-844-539-3815<\/strong>.<\/p>\n<p>Pour v\u00e9rifier l&#8217;\u00e9tat de votre formulaire de demande d&#8217;indemnisation ou de votre demande de succession, contactez l&#8217;<strong>administrateur des demandes d&#8217;indemnisation (Deloitte) au 1-888-221-2898<\/strong>.<\/p>\n<p>Des informations sur le processus d&#8217;extension sont disponibles dans la <a href=\"https:\/\/indiandayschools.com\/fr\/wp-content\/uploads\/FR-Extension-requests-Infographic.pdf\">ressource utile<\/a> des demandes de prolongation, ainsi que sur la <a href=\"https:\/\/indiandayschools.com\/fr\/faq\/#extension-request\">Foire aux questions<\/a>.<\/p>\n<p>Des aides en mati\u00e8re de mieux-\u00eatre et de sant\u00e9 mentale sont disponibles avec la <strong>ligne d&#8217;\u00e9coute Espoir pour le mieux-\u00eatre au 1-855-242-3310<\/strong>.<\/p>\n<div class=\"alert alert-danger\"><\/div>\n","protected":false},"excerpt":{"rendered":"<p>Le Programme de soutien communautaire des externats indiens f\u00e9d\u00e9raux a pris fin le 13 juillet 2022. Ce programme \u00e9tait men\u00e9 par Argyle, une agence de communication et de mobilisation qui ne fait pas partie des avocats du groupe. La Cour f\u00e9d\u00e9rale du Canada a nomm\u00e9 Argyle pour faciliter le processus de demande d&#8217;indemnisation en offrant [&hellip;]<\/p>\n","protected":false},"author":6,"featured_media":0,"parent":3545,"menu_order":0,"comment_status":"closed","ping_status":"closed","template":"fullwidth.php","meta":{"_acf_changed":false,"footnotes":""},"class_list":["post-1702","page","type-page","status-publish","hentry"],"acf":[],"yoast_head":"<!-- This site is optimized with the Yoast SEO plugin v26.8 - https:\/\/yoast.com\/product\/yoast-seo-wordpress\/ -->\n<title>Programme de soutien communautaire - Recours collectif concernant les externats indiens f\u00e9d\u00e9raux<\/title>\n<meta name=\"robots\" content=\"index, follow, max-snippet:-1, max-image-preview:large, max-video-preview:-1\" \/>\n<link rel=\"canonical\" href=\"https:\/\/indiandayschools.com\/fr\/aide-et-soutien\/soutien-communautaire\/\" \/>\n<meta property=\"og:locale\" content=\"en_US\" \/>\n<meta property=\"og:type\" content=\"article\" \/>\n<meta property=\"og:title\" content=\"Programme de soutien communautaire - Recours collectif concernant les externats indiens f\u00e9d\u00e9raux\" \/>\n<meta property=\"og:description\" content=\"Le Programme de soutien communautaire des externats indiens f\u00e9d\u00e9raux a pris fin le 13 juillet 2022. Ce programme \u00e9tait men\u00e9 par Argyle, une agence de communication et de mobilisation qui ne fait pas partie des avocats du groupe. La Cour f\u00e9d\u00e9rale du Canada a nomm\u00e9 Argyle pour faciliter le processus de demande d&#8217;indemnisation en offrant [&hellip;]\" \/>\n<meta property=\"og:url\" content=\"https:\/\/indiandayschools.com\/fr\/aide-et-soutien\/soutien-communautaire\/\" \/>\n<meta property=\"og:site_name\" content=\"Recours collectif concernant les externats indiens f\u00e9d\u00e9raux\" \/>\n<meta property=\"article:publisher\" content=\"https:\/\/www.facebook.com\/McLeanClassAction\/\" \/>\n<meta property=\"article:modified_time\" content=\"2022-09-30T17:37:49+00:00\" \/>\n<meta name=\"twitter:card\" content=\"summary_large_image\" \/>\n<meta name=\"twitter:site\" content=\"@IndianDaySchool\" \/>\n<meta name=\"twitter:label1\" content=\"Est. reading time\" \/>\n\t<meta name=\"twitter:data1\" content=\"1 minute\" \/>\n<script type=\"application\/ld+json\" class=\"yoast-schema-graph\">{\"@context\":\"https:\/\/schema.org\",\"@graph\":[{\"@type\":\"WebPage\",\"@id\":\"https:\/\/indiandayschools.com\/fr\/aide-et-soutien\/soutien-communautaire\/\",\"url\":\"https:\/\/indiandayschools.com\/fr\/aide-et-soutien\/soutien-communautaire\/\",\"name\":\"Programme de soutien communautaire - Recours collectif concernant les externats indiens f\u00e9d\u00e9raux\",\"isPartOf\":{\"@id\":\"https:\/\/indiandayschools.com\/fr\/#website\"},\"datePublished\":\"2021-01-11T19:05:00+00:00\",\"dateModified\":\"2022-09-30T17:37:49+00:00\",\"breadcrumb\":{\"@id\":\"https:\/\/indiandayschools.com\/fr\/aide-et-soutien\/soutien-communautaire\/#breadcrumb\"},\"inLanguage\":\"en-US\",\"potentialAction\":[{\"@type\":\"ReadAction\",\"target\":[\"https:\/\/indiandayschools.com\/fr\/aide-et-soutien\/soutien-communautaire\/\"]}]},{\"@type\":\"BreadcrumbList\",\"@id\":\"https:\/\/indiandayschools.com\/fr\/aide-et-soutien\/soutien-communautaire\/#breadcrumb\",\"itemListElement\":[{\"@type\":\"ListItem\",\"position\":1,\"name\":\"Home\",\"item\":\"https:\/\/indiandayschools.com\/fr\/\"},{\"@type\":\"ListItem\",\"position\":2,\"name\":\"Aide et soutien\",\"item\":\"https:\/\/indiandayschools.com\/fr\/aide-et-soutien\/\"},{\"@type\":\"ListItem\",\"position\":3,\"name\":\"Programme de soutien communautaire\"}]},{\"@type\":\"WebSite\",\"@id\":\"https:\/\/indiandayschools.com\/fr\/#website\",\"url\":\"https:\/\/indiandayschools.com\/fr\/\",\"name\":\"Recours collectif concernant les externats indiens f\u00e9d\u00e9raux\",\"description\":\"\",\"publisher\":{\"@id\":\"https:\/\/indiandayschools.com\/fr\/#organization\"},\"potentialAction\":[{\"@type\":\"SearchAction\",\"target\":{\"@type\":\"EntryPoint\",\"urlTemplate\":\"https:\/\/indiandayschools.com\/fr\/?s={search_term_string}\"},\"query-input\":{\"@type\":\"PropertyValueSpecification\",\"valueRequired\":true,\"valueName\":\"search_term_string\"}}],\"inLanguage\":\"en-US\"},{\"@type\":\"Organization\",\"@id\":\"https:\/\/indiandayschools.com\/fr\/#organization\",\"name\":\"Recours collectif concernant les externats indiens f\u00e9d\u00e9raux\",\"url\":\"https:\/\/indiandayschools.com\/fr\/\",\"logo\":{\"@type\":\"ImageObject\",\"inLanguage\":\"en-US\",\"@id\":\"https:\/\/indiandayschools.com\/fr\/#\/schema\/logo\/image\/\",\"url\":\"https:\/\/indiandayschools.com\/fr\/wp-content\/uploads\/logo-indian-day-schools-class-action-fr.png\",\"contentUrl\":\"https:\/\/indiandayschools.com\/fr\/wp-content\/uploads\/logo-indian-day-schools-class-action-fr.png\",\"width\":660,\"height\":145,\"caption\":\"Recours collectif concernant les externats indiens f\u00e9d\u00e9raux\"},\"image\":{\"@id\":\"https:\/\/indiandayschools.com\/fr\/#\/schema\/logo\/image\/\"},\"sameAs\":[\"https:\/\/www.facebook.com\/McLeanClassAction\/\",\"https:\/\/x.com\/IndianDaySchool\",\"https:\/\/www.youtube.com\/channel\/UChz8dDaXluq5yeR1yCZSjzA\"]}]}<\/script>\n<!-- \/ Yoast SEO plugin. -->","yoast_head_json":{"title":"Programme de soutien communautaire - Recours collectif concernant les externats indiens f\u00e9d\u00e9raux","robots":{"index":"index","follow":"follow","max-snippet":"max-snippet:-1","max-image-preview":"max-image-preview:large","max-video-preview":"max-video-preview:-1"},"canonical":"https:\/\/indiandayschools.com\/fr\/aide-et-soutien\/soutien-communautaire\/","og_locale":"en_US","og_type":"article","og_title":"Programme de soutien communautaire - Recours collectif concernant les externats indiens f\u00e9d\u00e9raux","og_description":"Le Programme de soutien communautaire des externats indiens f\u00e9d\u00e9raux a pris fin le 13 juillet 2022. Ce programme \u00e9tait men\u00e9 par Argyle, une agence de communication et de mobilisation qui ne fait pas partie des avocats du groupe. La Cour f\u00e9d\u00e9rale du Canada a nomm\u00e9 Argyle pour faciliter le processus de demande d&#8217;indemnisation en offrant [&hellip;]","og_url":"https:\/\/indiandayschools.com\/fr\/aide-et-soutien\/soutien-communautaire\/","og_site_name":"Recours collectif concernant les externats indiens f\u00e9d\u00e9raux","article_publisher":"https:\/\/www.facebook.com\/McLeanClassAction\/","article_modified_time":"2022-09-30T17:37:49+00:00","twitter_card":"summary_large_image","twitter_site":"@IndianDaySchool","twitter_misc":{"Est. reading time":"1 minute"},"schema":{"@context":"https:\/\/schema.org","@graph":[{"@type":"WebPage","@id":"https:\/\/indiandayschools.com\/fr\/aide-et-soutien\/soutien-communautaire\/","url":"https:\/\/indiandayschools.com\/fr\/aide-et-soutien\/soutien-communautaire\/","name":"Programme de soutien communautaire - Recours collectif concernant les externats indiens f\u00e9d\u00e9raux","isPartOf":{"@id":"https:\/\/indiandayschools.com\/fr\/#website"},"datePublished":"2021-01-11T19:05:00+00:00","dateModified":"2022-09-30T17:37:49+00:00","breadcrumb":{"@id":"https:\/\/indiandayschools.com\/fr\/aide-et-soutien\/soutien-communautaire\/#breadcrumb"},"inLanguage":"en-US","potentialAction":[{"@type":"ReadAction","target":["https:\/\/indiandayschools.com\/fr\/aide-et-soutien\/soutien-communautaire\/"]}]},{"@type":"BreadcrumbList","@id":"https:\/\/indiandayschools.com\/fr\/aide-et-soutien\/soutien-communautaire\/#breadcrumb","itemListElement":[{"@type":"ListItem","position":1,"name":"Home","item":"https:\/\/indiandayschools.com\/fr\/"},{"@type":"ListItem","position":2,"name":"Aide et soutien","item":"https:\/\/indiandayschools.com\/fr\/aide-et-soutien\/"},{"@type":"ListItem","position":3,"name":"Programme de soutien communautaire"}]},{"@type":"WebSite","@id":"https:\/\/indiandayschools.com\/fr\/#website","url":"https:\/\/indiandayschools.com\/fr\/","name":"Recours collectif concernant les externats indiens f\u00e9d\u00e9raux","description":"","publisher":{"@id":"https:\/\/indiandayschools.com\/fr\/#organization"},"potentialAction":[{"@type":"SearchAction","target":{"@type":"EntryPoint","urlTemplate":"https:\/\/indiandayschools.com\/fr\/?s={search_term_string}"},"query-input":{"@type":"PropertyValueSpecification","valueRequired":true,"valueName":"search_term_string"}}],"inLanguage":"en-US"},{"@type":"Organization","@id":"https:\/\/indiandayschools.com\/fr\/#organization","name":"Recours collectif concernant les externats indiens f\u00e9d\u00e9raux","url":"https:\/\/indiandayschools.com\/fr\/","logo":{"@type":"ImageObject","inLanguage":"en-US","@id":"https:\/\/indiandayschools.com\/fr\/#\/schema\/logo\/image\/","url":"https:\/\/indiandayschools.com\/fr\/wp-content\/uploads\/logo-indian-day-schools-class-action-fr.png","contentUrl":"https:\/\/indiandayschools.com\/fr\/wp-content\/uploads\/logo-indian-day-schools-class-action-fr.png","width":660,"height":145,"caption":"Recours collectif concernant les externats indiens f\u00e9d\u00e9raux"},"image":{"@id":"https:\/\/indiandayschools.com\/fr\/#\/schema\/logo\/image\/"},"sameAs":["https:\/\/www.facebook.com\/McLeanClassAction\/","https:\/\/x.com\/IndianDaySchool","https:\/\/www.youtube.com\/channel\/UChz8dDaXluq5yeR1yCZSjzA"]}]}},"_links":{"self":[{"href":"https:\/\/indiandayschools.com\/fr\/wp-json\/wp\/v2\/pages\/1702","targetHints":{"allow":["GET"]}}],"collection":[{"href":"https:\/\/indiandayschools.com\/fr\/wp-json\/wp\/v2\/pages"}],"about":[{"href":"https:\/\/indiandayschools.com\/fr\/wp-json\/wp\/v2\/types\/page"}],"author":[{"embeddable":true,"href":"https:\/\/indiandayschools.com\/fr\/wp-json\/wp\/v2\/users\/6"}],"replies":[{"embeddable":true,"href":"https:\/\/indiandayschools.com\/fr\/wp-json\/wp\/v2\/comments?post=1702"}],"version-history":[{"count":152,"href":"https:\/\/indiandayschools.com\/fr\/wp-json\/wp\/v2\/pages\/1702\/revisions"}],"predecessor-version":[{"id":4207,"href":"https:\/\/indiandayschools.com\/fr\/wp-json\/wp\/v2\/pages\/1702\/revisions\/4207"}],"up":[{"embeddable":true,"href":"https:\/\/indiandayschools.com\/fr\/wp-json\/wp\/v2\/pages\/3545"}],"wp:attachment":[{"href":"https:\/\/indiandayschools.com\/fr\/wp-json\/wp\/v2\/media?parent=1702"}],"curies":[{"name":"wp","href":"https:\/\/api.w.org\/{rel}","templated":true}]}}