{"id":1357,"date":"2020-02-20T20:13:47","date_gmt":"2020-02-20T20:13:47","guid":{"rendered":"https:\/\/indiandayschools.com\/fr\/?page_id=1357"},"modified":"2020-03-11T14:05:02","modified_gmt":"2020-03-11T14:05:02","slug":"presentations-jusqua-maintenant","status":"publish","type":"page","link":"https:\/\/indiandayschools.com\/fr\/presentations-jusqua-maintenant\/","title":{"rendered":"Pr\u00e9sentations jusqu\u2019\u00e0 maintenant"},"content":{"rendered":"\r\n<p>Pour aider les membres du groupe avec le formulaire d\u2019indemnisation, Gowling WLG offre des s\u00e9ances d&#8217;assistance communautaire en personne et par vid\u00e9oconf\u00e9rence.<\/p>\r\n<p>Si les chefs locaux et\/ou les dirigeants communautaires souhaitent organiser une pr\u00e9sentation dans votre communaut\u00e9, veuillez contacter l&#8217;adresse courriel suivante : <a href=\"mailto:dayschools@gowlingwlg.com\">dayschools@gowlingwlg.com<\/a>.<\/p>\r\n<p>Si vous pr\u00e9voyez d&#8217;assister \u00e0 une s\u00e9ance d\u2019assistance communautaire, veuillez consulter la <a href=\"https:\/\/indiandayschools.com\/fr\/wp-content\/uploads\/FR_Supporting_Documents_List.pdf\">Liste de documents justificatifs<\/a>, car certains documents peuvent \u00eatre utiles pour remplir votre formulaire d\u2019indemnisation.<\/p>\r\n<p>Une liste des s\u00e9ances d&#8217;assistance communautaire se trouve ci-dessous et sera mise \u00e0 jour au fur et \u00e0 mesure que les s\u00e9ances sont confirm\u00e9es.<\/p>\r\n\r\n\r\n\r\n<div class=\"card d-none\">\r\n<div class=\"card-body\">\r\n<h5 class=\"card-title\">Pr\u00e9sentations \u00e0 venir<\/h5>\r\n<div class=\"card-text pt-2\">\u00a0<\/div>\r\n<\/div>\r\n<\/div>\r\n\r\n\r\n\r\n<div class=\"wp-block-spacer\" style=\"height: 25px;\" aria-hidden=\"true\">\u00a0<\/div>\r\n\r\n\r\n\r\n<div class=\"card\">\r\n<div class=\"card-body\">\r\n<h5 class=\"card-title\">Pr\u00e9sentations r\u00e9centes<\/h5>\r\n<div class=\"card-text pt-2\">\r\n<ul>\r\n<li>Inuvik, NWT \u2013 23 octobre 2019<\/li>\r\n<li>Maliotenam, Sept-\u00celes, QC \u2013 23 octobre 2019<\/li>\r\n<li>Aklavik, NWT \u2013 23 octobre 2019<\/li>\r\n<li>Centre de l\u2019amiti\u00e9 autochtone du Saguenay, QC \u2013 22 octobre 2019<\/li>\r\n<li>Tuktoyatuk, NWT \u2013 22 octobre 2019<\/li>\r\n<li>Nation crie Star Blanket \u2013 17 octobre 2019<\/li>\r\n<li>File Hills Qu\u2019Appelle Tribal Council \u2013 17 octobre 2019<\/li>\r\n<li>Regina Treaty Indian Services \u2013 17 octobre 2019<\/li>\r\n<li>Centre d&#8217;amiti\u00e9 indien et m\u00e9tis de Saskatoon \u2013 16 octobre 2019<\/li>\r\n<li>Nation crie Peter Ballantyne \u2013 16 octobre 2019<\/li>\r\n<li>Nation Crie Beardy\u2019s et Okemasis \u2013 15 octobre 2019<\/li>\r\n<li>Pessamit \u2013 9 octobre 2019<\/li>\r\n<li>Wa-Say Healing Centre \u2013 7 octobre 2019<\/li>\r\n<li>Premi\u00e8re Nation de Serpent River \u2013 2 octobre 2019<\/li>\r\n<li>Sagamok Anishnawbek \u2013 2 octobre 2019<\/li>\r\n<li>Premi\u00e8re Nation de Mississauga \u2013 2 octobre 2019<\/li>\r\n<li>Premi\u00e8re Nation de M&#8217;Chigeeng \u2013 2 octobre 2019<\/li>\r\n<li>Premi\u00e8re Nation de Sheshegawaning \u2013 2 octobre 2019<\/li>\r\n<li>Premi\u00e8re Nation de Aundeck Omni Kaning \u2013 2 octobre 2019<\/li>\r\n<li>Premi\u00e8re Nation de Beausoleil \u2013 30 septembre 2019<\/li>\r\n<li>Algonquins de Piwakanagan \u2013 29 septembre 2019<\/li>\r\n<li>SK Keeseekoose First Nation \u2013 28 septembre 2019<\/li>\r\n<li>Premi\u00e8re Nation de Cote \u2013 28 septembre 2019<\/li>\r\n<li>Premi\u00e8re Nation de Frog Lake \u201326 septembre 2019<\/li>\r\n<li>Premi\u00e8re Nation de Cold Lake \u2013 26 septembre 2019<\/li>\r\n<li>FNHSSM R\u00e9union de tous les chefs \u2013 25 septembre 2019<\/li>\r\n<li>Premi\u00e8re Nation de Saugeen \u2013 25 septembre 2019<\/li>\r\n<li>Premi\u00e8re nation non c\u00e9d\u00e9e de Chippewas of Nawash \u2013 25 septembre 2019<\/li>\r\n<li>R\u00e9union de tous les chefs et du conseil \u2013 24 septembre 2019<\/li>\r\n<li>Premi\u00e8re Nation de Sagkeeng \u2013 19 septembre 2019<\/li>\r\n<li>Alberta Health Supports \u2013 18 septembre 2019<\/li>\r\n<li>Premi\u00e8re Nation de Black River \u2013 18 septembre 2019<\/li>\r\n<li>Premi\u00e8re Nation de Brokenhead Ojibway \u2013 18 septembre 2019<\/li>\r\n<li>Samson Cree Nation \u2013 17 septembre 2019<\/li>\r\n<li>Fisher River Cree Nation \u2013 17 septembre 2019<\/li>\r\n<li>Ermineskin \u2013 17 septembre 2019<\/li>\r\n<li>Premi\u00e8re Nation de Paul \u2013 16 semptembre 2019<\/li>\r\n<li>Premi\u00e8re Nation de Swan Lake \u2013 16 septembre 2019<\/li>\r\n<li>S\u00e9ance d&#8217;information sur Peepeekisis \u2013 24 ao\u00fbt 2019<\/li>\r\n<li>Pr\u00e9sentation communautaire \u00e0 la Whitecap Dakota First Nation \u2013 13 ao\u00fbt 2019<\/li>\r\n<li>Assembl\u00e9e nationale D\u00e9n\u00e9e \u201329 \u2013 31 juillet 2019<\/li>\r\n<li>Squamish Nation \u201318 juin 2019<\/li>\r\n<li>Premi\u00e8re Nation des Mississaugas de Credit \u201325 mai 2019<\/li>\r\n<li>Premi\u00e8re Nation de Long Plain \u2013 7 mai 2019<\/li>\r\n<li>Urban Survivors \u2013 6 mai 2019<\/li>\r\n<li>Premi\u00e8re Nation de Berens River \u2013 6 mai 2019<\/li>\r\n<li>Premi\u00e8re Nation de Peguis \u2013 4 mai 2019<\/li>\r\n<li>Six nations de la rivi\u00e8re grand \u2013 30 avril 2019<\/li>\r\n<li>Premi\u00e8re Nation des Mississaugas de Credit \u2013 30 avril 2019<\/li>\r\n<li>Le Conseil Mohawk d&#8217;Akwesasne \u2013 29 avril 2019<\/li>\r\n<li>Secr\u00e9tariat \u00e0 la sant\u00e9 et au d\u00e9veloppement social des Premi\u00e8res Nations du Manitoba \u2013 23 avril 2019<\/li>\r\n<li>Corporation r\u00e9gionale Inuvialuit, Conseil d\u2019administration \u2013 avril 18, 2019<\/li>\r\n<li>Conseil Mohawk de Kahnawake \u2013 avril 15, 2019<\/li>\r\n<li>Premi\u00e8re Nation Keeseekoose \u2013 avril 8, 2019<\/li>\r\n<li>Premi\u00e8re Nation Cote \u2013 avril 8, 2019<\/li>\r\n<li>Communaut\u00e9 Tsartlip \u2013 4 avril 2019<\/li>\r\n<li>Premi\u00e8re Nation de Bonaparte \u2013 3 avril 2019<\/li>\r\n<li>Premi\u00e8re Nation Xaxli\u2019p \u2013 3 avril 2019<\/li>\r\n<li>Nisga\u2019a Ts\u2019amiks \u2013 2 avril 2019<\/li>\r\n<\/ul>\r\n<p class=\"mt-4\">Pr\u00e9sentations jusqu\u2019\u00e0 maintenant &gt;<\/p>\r\n<div id=\"recent-presentations\" class=\"collapse\">\r\n<ul>\r\n<li>Nation de Tsuut&#8217;ina \u2013 21 mars 2019<\/li>\r\n<li>Premi\u00e8re Nation de Siksika \u2013 20 mars 2019<\/li>\r\n<li>Premi\u00e8re Nation de Saugeen \u2013 6 mars 2019<\/li>\r\n<li>Premi\u00e8re Nation de Temagami \u2013 5 mars 2019<\/li>\r\n<li>Premi\u00e8re Nation de Whitecap Dakota \u2013 28 f\u00e9vrier 2019<\/li>\r\n<li>Blood Indian Reserve \u2013 19 f\u00e9vrier 2019<\/li>\r\n<li>Nation de Norway House Cree \u2013 6 f\u00e9vrier 2019<\/li>\r\n<li>Premi\u00e8re Nation de Little Black River \u2013 5 f\u00e9vrier 2019<\/li>\r\n<li>TCVI Treaty Forum \u2013 25 janvier 2019<\/li>\r\n<li>Atikameksheng Anishnawbeck (Premi\u00e8re Nation de la rivi\u00e8re Whitefish) \u2013 24 janvier 2019<\/li>\r\n<li>Premi\u00e8re Nation de la rivi\u00e8re Whitefish (Ontario) &#8211; 23 janvier 2019<\/li>\r\n<li>Nation de Onion Lake Cree N \u2013 17 janvier 2019<\/li>\r\n<li>Nation Cree de Poundmaker \u2013 13 d\u00e9cembre 2018<\/li>\r\n<li>Premi\u00e8re Nation de Wikwemikong \u2013 26 novembre 2018<\/li>\r\n<li>Nation crie d&#8217;Ermineskin \u2013 22 novembre 2018<\/li>\r\n<li>Premi\u00e8re Nation de Tobique \u2013 15 novembre 2018<\/li>\r\n<li>Premi\u00e8re Nation d&#8217;Oromocto \u2013 14 novembre 2018<\/li>\r\n<li>Nation crie d&#8217;Opaskwayak \u2013 14 novembre 2018<\/li>\r\n<li>Assembl\u00e9 Mushkegowuk<\/li>\r\n<li>Timmins, ON \u2013 9 novembre 2018<\/li>\r\n<li>Assembl\u00e9 Mushkegowuk \u2013 Timmins, ON \u2013 9 novembre 2018\r\n<ul class=\"mt-2\">\r\n<li>Premi\u00e8re Nation de Attawapiskat<\/li>\r\n<li>Premi\u00e8re Nation de Taykwa Tagamou<\/li>\r\n<li>Premi\u00e8re Nation de Kashechewan<\/li>\r\n<li>Premi\u00e8re Nation de Fort Albany<\/li>\r\n<li>Premi\u00e8re Nation de Moose Cree<\/li>\r\n<li>Premi\u00e8re Nation de Chapleau Cree e<\/li>\r\n<\/ul>\r\n<\/li>\r\n<li>Premi\u00e8re Nation Lac-La Grenouille, Alberta \u2013 26 octobre, 2018<\/li>\r\n<li>Premi\u00e8re Nation Cold Lake, Alberta \u2013 25 octobre, 2018<\/li>\r\n<li>Premi\u00e8re Nation Easkasoni, Nouvelle-\u00c9cosse \u2013 12 octobre, 2018<\/li>\r\n<li>Premi\u00e8re Nation Keeseekoose, Saskatchewan \u2013 3 octobre, 2018<\/li>\r\n<li>Trait\u00e9 3 \u2013 Lac Eagle, Ontario \u2013 2 octobre, 2018<\/li>\r\n<li>Premi\u00e8re Nation de l&#8217;\u00eele Lennox &#8211; \u00cele-du-Prince-\u00c9douard \u2013 31 ao\u00fbt 2018<\/li>\r\n<li>Assembl\u00e9e des Premi\u00e8res Nations \u2013 Assembl\u00e9e g\u00e9n\u00e9rale annuelle \u2013 26 juillet 2018<\/li>\r\n<li>Congr\u00e8s des Chefs des Premi\u00e8res Nation de l\u2019Atlantique, Nouvelle-\u00c9cosse \u2013 25 mai 2018\r\n<ul class=\"mt-2\">\r\n<li>Premi\u00e8re Nation de l&#8217;Acadia<\/li>\r\n<li>Premi\u00e8re Nation de Annapolis Valley<\/li>\r\n<li>Premi\u00e8re Nation de Bear River<\/li>\r\n<li>Premi\u00e8re Nation de Eskasoni<\/li>\r\n<li>Premi\u00e8re Nation de Glooscap<\/li>\r\n<li>Premi\u00e8re Nation de Membertou<\/li>\r\n<li>Premi\u00e8re Nation de Millbrook<\/li>\r\n<li>Premi\u00e8re Nation de Paqtnkek Mi&#8217;kmaw<\/li>\r\n<li>Premi\u00e8re Nation de Pictou Landing<\/li>\r\n<li>Premi\u00e8re Nation de Potlotek<\/li>\r\n<li>Premi\u00e8re Nation de Sipekne&#8217;katik<\/li>\r\n<li>Premi\u00e8re Nation de Wagmatcook<\/li>\r\n<li>Premi\u00e8re Nation de We&#8217;koqma&#8217;q<\/li>\r\n<\/ul>\r\n<\/li>\r\n<\/ul>\r\n<\/div>\r\n<\/div>\r\n<\/div>\r\n<\/div>\r\n\r\n\r\n\r\n<div class=\"wp-block-spacer\" style=\"height: 10px;\" aria-hidden=\"true\">\u00a0<\/div>\r\n","protected":false},"excerpt":{"rendered":"<p>Pour aider les membres du groupe avec le formulaire d\u2019indemnisation, Gowling WLG offre des s\u00e9ances d&#8217;assistance communautaire en personne et par vid\u00e9oconf\u00e9rence. Si les chefs locaux et\/ou les dirigeants communautaires souhaitent organiser une pr\u00e9sentation dans votre communaut\u00e9, veuillez contacter l&#8217;adresse courriel suivante : dayschools@gowlingwlg.com. Si vous pr\u00e9voyez d&#8217;assister \u00e0 une s\u00e9ance d\u2019assistance communautaire, veuillez consulter [&hellip;]<\/p>\n","protected":false},"author":5,"featured_media":0,"parent":0,"menu_order":0,"comment_status":"closed","ping_status":"closed","template":"","meta":{"_acf_changed":false,"footnotes":""},"class_list":["post-1357","page","type-page","status-publish","hentry"],"acf":[],"yoast_head":"<!-- This site is optimized with the Yoast SEO plugin v26.8 - https:\/\/yoast.com\/product\/yoast-seo-wordpress\/ -->\n<title>Pr\u00e9sentations jusqu\u2019\u00e0 maintenant - Recours collectif concernant les externats indiens f\u00e9d\u00e9raux<\/title>\n<meta name=\"robots\" content=\"index, follow, max-snippet:-1, max-image-preview:large, max-video-preview:-1\" \/>\n<link rel=\"canonical\" href=\"https:\/\/indiandayschools.com\/fr\/coordonnees__trashed\/presentations-jusqua-maintenant\/\" \/>\n<meta property=\"og:locale\" content=\"en_US\" \/>\n<meta property=\"og:type\" content=\"article\" \/>\n<meta property=\"og:title\" content=\"Pr\u00e9sentations jusqu\u2019\u00e0 maintenant - Recours collectif concernant les externats indiens f\u00e9d\u00e9raux\" \/>\n<meta property=\"og:description\" content=\"Pour aider les membres du groupe avec le formulaire d\u2019indemnisation, Gowling WLG offre des s\u00e9ances d&#8217;assistance communautaire en personne et par vid\u00e9oconf\u00e9rence. Si les chefs locaux et\/ou les dirigeants communautaires souhaitent organiser une pr\u00e9sentation dans votre communaut\u00e9, veuillez contacter l&#8217;adresse courriel suivante : dayschools@gowlingwlg.com. Si vous pr\u00e9voyez d&#8217;assister \u00e0 une s\u00e9ance d\u2019assistance communautaire, veuillez consulter [&hellip;]\" \/>\n<meta property=\"og:url\" content=\"https:\/\/indiandayschools.com\/fr\/coordonnees__trashed\/presentations-jusqua-maintenant\/\" \/>\n<meta property=\"og:site_name\" content=\"Recours collectif concernant les externats indiens f\u00e9d\u00e9raux\" \/>\n<meta property=\"article:publisher\" content=\"https:\/\/www.facebook.com\/McLeanClassAction\/\" \/>\n<meta property=\"article:modified_time\" content=\"2020-03-11T14:05:02+00:00\" \/>\n<meta name=\"twitter:card\" content=\"summary_large_image\" \/>\n<meta name=\"twitter:site\" content=\"@IndianDaySchool\" \/>\n<meta name=\"twitter:label1\" content=\"Est. reading time\" \/>\n\t<meta name=\"twitter:data1\" content=\"4 minutes\" \/>\n<script type=\"application\/ld+json\" class=\"yoast-schema-graph\">{\"@context\":\"https:\/\/schema.org\",\"@graph\":[{\"@type\":\"WebPage\",\"@id\":\"https:\/\/indiandayschools.com\/fr\/coordonnees__trashed\/presentations-jusqua-maintenant\/\",\"url\":\"https:\/\/indiandayschools.com\/fr\/coordonnees__trashed\/presentations-jusqua-maintenant\/\",\"name\":\"Pr\u00e9sentations jusqu\u2019\u00e0 maintenant - Recours collectif concernant les externats indiens f\u00e9d\u00e9raux\",\"isPartOf\":{\"@id\":\"https:\/\/indiandayschools.com\/fr\/#website\"},\"datePublished\":\"2020-02-20T20:13:47+00:00\",\"dateModified\":\"2020-03-11T14:05:02+00:00\",\"breadcrumb\":{\"@id\":\"https:\/\/indiandayschools.com\/fr\/coordonnees__trashed\/presentations-jusqua-maintenant\/#breadcrumb\"},\"inLanguage\":\"en-US\",\"potentialAction\":[{\"@type\":\"ReadAction\",\"target\":[\"https:\/\/indiandayschools.com\/fr\/coordonnees__trashed\/presentations-jusqua-maintenant\/\"]}]},{\"@type\":\"BreadcrumbList\",\"@id\":\"https:\/\/indiandayschools.com\/fr\/coordonnees__trashed\/presentations-jusqua-maintenant\/#breadcrumb\",\"itemListElement\":[{\"@type\":\"ListItem\",\"position\":1,\"name\":\"Home\",\"item\":\"https:\/\/indiandayschools.com\/fr\/\"},{\"@type\":\"ListItem\",\"position\":2,\"name\":\"Pr\u00e9sentations jusqu\u2019\u00e0 maintenant\"}]},{\"@type\":\"WebSite\",\"@id\":\"https:\/\/indiandayschools.com\/fr\/#website\",\"url\":\"https:\/\/indiandayschools.com\/fr\/\",\"name\":\"Recours collectif concernant les externats indiens f\u00e9d\u00e9raux\",\"description\":\"\",\"publisher\":{\"@id\":\"https:\/\/indiandayschools.com\/fr\/#organization\"},\"potentialAction\":[{\"@type\":\"SearchAction\",\"target\":{\"@type\":\"EntryPoint\",\"urlTemplate\":\"https:\/\/indiandayschools.com\/fr\/?s={search_term_string}\"},\"query-input\":{\"@type\":\"PropertyValueSpecification\",\"valueRequired\":true,\"valueName\":\"search_term_string\"}}],\"inLanguage\":\"en-US\"},{\"@type\":\"Organization\",\"@id\":\"https:\/\/indiandayschools.com\/fr\/#organization\",\"name\":\"Recours collectif concernant les externats indiens f\u00e9d\u00e9raux\",\"url\":\"https:\/\/indiandayschools.com\/fr\/\",\"logo\":{\"@type\":\"ImageObject\",\"inLanguage\":\"en-US\",\"@id\":\"https:\/\/indiandayschools.com\/fr\/#\/schema\/logo\/image\/\",\"url\":\"https:\/\/indiandayschools.com\/fr\/wp-content\/uploads\/logo-indian-day-schools-class-action-fr.png\",\"contentUrl\":\"https:\/\/indiandayschools.com\/fr\/wp-content\/uploads\/logo-indian-day-schools-class-action-fr.png\",\"width\":660,\"height\":145,\"caption\":\"Recours collectif concernant les externats indiens f\u00e9d\u00e9raux\"},\"image\":{\"@id\":\"https:\/\/indiandayschools.com\/fr\/#\/schema\/logo\/image\/\"},\"sameAs\":[\"https:\/\/www.facebook.com\/McLeanClassAction\/\",\"https:\/\/x.com\/IndianDaySchool\",\"https:\/\/www.youtube.com\/channel\/UChz8dDaXluq5yeR1yCZSjzA\"]}]}<\/script>\n<!-- \/ Yoast SEO plugin. -->","yoast_head_json":{"title":"Pr\u00e9sentations jusqu\u2019\u00e0 maintenant - Recours collectif concernant les externats indiens f\u00e9d\u00e9raux","robots":{"index":"index","follow":"follow","max-snippet":"max-snippet:-1","max-image-preview":"max-image-preview:large","max-video-preview":"max-video-preview:-1"},"canonical":"https:\/\/indiandayschools.com\/fr\/coordonnees__trashed\/presentations-jusqua-maintenant\/","og_locale":"en_US","og_type":"article","og_title":"Pr\u00e9sentations jusqu\u2019\u00e0 maintenant - Recours collectif concernant les externats indiens f\u00e9d\u00e9raux","og_description":"Pour aider les membres du groupe avec le formulaire d\u2019indemnisation, Gowling WLG offre des s\u00e9ances d&#8217;assistance communautaire en personne et par vid\u00e9oconf\u00e9rence. Si les chefs locaux et\/ou les dirigeants communautaires souhaitent organiser une pr\u00e9sentation dans votre communaut\u00e9, veuillez contacter l&#8217;adresse courriel suivante : dayschools@gowlingwlg.com. Si vous pr\u00e9voyez d&#8217;assister \u00e0 une s\u00e9ance d\u2019assistance communautaire, veuillez consulter [&hellip;]","og_url":"https:\/\/indiandayschools.com\/fr\/coordonnees__trashed\/presentations-jusqua-maintenant\/","og_site_name":"Recours collectif concernant les externats indiens f\u00e9d\u00e9raux","article_publisher":"https:\/\/www.facebook.com\/McLeanClassAction\/","article_modified_time":"2020-03-11T14:05:02+00:00","twitter_card":"summary_large_image","twitter_site":"@IndianDaySchool","twitter_misc":{"Est. reading time":"4 minutes"},"schema":{"@context":"https:\/\/schema.org","@graph":[{"@type":"WebPage","@id":"https:\/\/indiandayschools.com\/fr\/coordonnees__trashed\/presentations-jusqua-maintenant\/","url":"https:\/\/indiandayschools.com\/fr\/coordonnees__trashed\/presentations-jusqua-maintenant\/","name":"Pr\u00e9sentations jusqu\u2019\u00e0 maintenant - Recours collectif concernant les externats indiens f\u00e9d\u00e9raux","isPartOf":{"@id":"https:\/\/indiandayschools.com\/fr\/#website"},"datePublished":"2020-02-20T20:13:47+00:00","dateModified":"2020-03-11T14:05:02+00:00","breadcrumb":{"@id":"https:\/\/indiandayschools.com\/fr\/coordonnees__trashed\/presentations-jusqua-maintenant\/#breadcrumb"},"inLanguage":"en-US","potentialAction":[{"@type":"ReadAction","target":["https:\/\/indiandayschools.com\/fr\/coordonnees__trashed\/presentations-jusqua-maintenant\/"]}]},{"@type":"BreadcrumbList","@id":"https:\/\/indiandayschools.com\/fr\/coordonnees__trashed\/presentations-jusqua-maintenant\/#breadcrumb","itemListElement":[{"@type":"ListItem","position":1,"name":"Home","item":"https:\/\/indiandayschools.com\/fr\/"},{"@type":"ListItem","position":2,"name":"Pr\u00e9sentations jusqu\u2019\u00e0 maintenant"}]},{"@type":"WebSite","@id":"https:\/\/indiandayschools.com\/fr\/#website","url":"https:\/\/indiandayschools.com\/fr\/","name":"Recours collectif concernant les externats indiens f\u00e9d\u00e9raux","description":"","publisher":{"@id":"https:\/\/indiandayschools.com\/fr\/#organization"},"potentialAction":[{"@type":"SearchAction","target":{"@type":"EntryPoint","urlTemplate":"https:\/\/indiandayschools.com\/fr\/?s={search_term_string}"},"query-input":{"@type":"PropertyValueSpecification","valueRequired":true,"valueName":"search_term_string"}}],"inLanguage":"en-US"},{"@type":"Organization","@id":"https:\/\/indiandayschools.com\/fr\/#organization","name":"Recours collectif concernant les externats indiens f\u00e9d\u00e9raux","url":"https:\/\/indiandayschools.com\/fr\/","logo":{"@type":"ImageObject","inLanguage":"en-US","@id":"https:\/\/indiandayschools.com\/fr\/#\/schema\/logo\/image\/","url":"https:\/\/indiandayschools.com\/fr\/wp-content\/uploads\/logo-indian-day-schools-class-action-fr.png","contentUrl":"https:\/\/indiandayschools.com\/fr\/wp-content\/uploads\/logo-indian-day-schools-class-action-fr.png","width":660,"height":145,"caption":"Recours collectif concernant les externats indiens f\u00e9d\u00e9raux"},"image":{"@id":"https:\/\/indiandayschools.com\/fr\/#\/schema\/logo\/image\/"},"sameAs":["https:\/\/www.facebook.com\/McLeanClassAction\/","https:\/\/x.com\/IndianDaySchool","https:\/\/www.youtube.com\/channel\/UChz8dDaXluq5yeR1yCZSjzA"]}]}},"_links":{"self":[{"href":"https:\/\/indiandayschools.com\/fr\/wp-json\/wp\/v2\/pages\/1357","targetHints":{"allow":["GET"]}}],"collection":[{"href":"https:\/\/indiandayschools.com\/fr\/wp-json\/wp\/v2\/pages"}],"about":[{"href":"https:\/\/indiandayschools.com\/fr\/wp-json\/wp\/v2\/types\/page"}],"author":[{"embeddable":true,"href":"https:\/\/indiandayschools.com\/fr\/wp-json\/wp\/v2\/users\/5"}],"replies":[{"embeddable":true,"href":"https:\/\/indiandayschools.com\/fr\/wp-json\/wp\/v2\/comments?post=1357"}],"version-history":[{"count":4,"href":"https:\/\/indiandayschools.com\/fr\/wp-json\/wp\/v2\/pages\/1357\/revisions"}],"predecessor-version":[{"id":1405,"href":"https:\/\/indiandayschools.com\/fr\/wp-json\/wp\/v2\/pages\/1357\/revisions\/1405"}],"wp:attachment":[{"href":"https:\/\/indiandayschools.com\/fr\/wp-json\/wp\/v2\/media?parent=1357"}],"curies":[{"name":"wp","href":"https:\/\/api.w.org\/{rel}","templated":true}]}}